{"id":435,"date":"2019-01-03T14:26:18","date_gmt":"2019-01-03T13:26:18","guid":{"rendered":"https:\/\/www.legendproducts.ch\/the-legend\/"},"modified":"2019-01-03T14:26:18","modified_gmt":"2019-01-03T13:26:18","slug":"the-legend","status":"publish","type":"page","link":"https:\/\/www.legendproducts.ch\/fr\/the-legend\/","title":{"rendered":"The Legend"},"content":{"rendered":"<p>[vc_row][vc_column width=\u00a0\u00bb2\/3&Prime;][vc_column_text]<\/p>\n<h2><strong>\u201eLe prince de chanvre\u201c est d\u00e9c\u00e9d\u00e9 beaucoup trop t\u00f4t.<\/strong><\/h2>\n<p>&nbsp;<\/p>\n<p>&nbsp;<\/p>\n<p>&nbsp;<\/p>\n<p>Il s&rsquo;engageait toujours pour le bien de ses prochains par son grand savoir et son amour pour cette plante appel\u00e9e le chanvre, cela surtout aussi afin d&rsquo;aider des malades. Il r\u00e9alisait ses id\u00e9es dans la culture chanvri\u00e8re.<\/p>\n<p>&#8230;..Dans son esprit et avec ses mots:<\/p>\n<p>Je t&rsquo;ai donn\u00e9 les bases et les connaissances, tu les ma\u00eetrise:<\/p>\n<blockquote><p>continue \u00e0 ta fa\u00e7on &#8230; Plein d&rsquo;amour et de gratitude, c&rsquo;est ce que je fais!<\/p><\/blockquote>\n<p>Un grand merci \u00e0 tous ceux qui me font confiance, qui m&rsquo;accompagnent et me soutiennent activement.<\/p>\n<p>Franziska<br \/>\n[\/vc_column_text][\/vc_column][vc_column width=\u00a0\u00bb1\/3&Prime;][vc_empty_space height=\u00a0\u00bb120px\u00a0\u00bb][vc_single_image image=\u00a0\u00bb159&Prime; img_size=\u00a0\u00bblarge\u00a0\u00bb onclick=\u00a0\u00bblink_image\u00a0\u00bb][vc_column_text]<strong><a href=\"http:\/\/chanvreinfo.ch\/info\/fr\/\" target=\"_blank\" rel=\"noopener\">chanvreinfo.ch<\/a><\/strong>[\/vc_column_text][\/vc_column][\/vc_row]<\/p>\n","protected":false},"excerpt":{"rendered":"<p>[vc_row][vc_column width=\u00a0\u00bb2\/3&Prime;][vc_column_text] \u201eLe prince de chanvre\u201c est d\u00e9c\u00e9d\u00e9 beaucoup trop t\u00f4t. &nbsp; &nbsp; &nbsp; Il s&rsquo;engageait toujours pour le bien de ses prochains par son grand savoir et son amour pour cette plante appel\u00e9e le chanvre, cela surtout aussi afin d&rsquo;aider des malades. Il r\u00e9alisait ses id\u00e9es dans la culture chanvri\u00e8re. &#8230;..Dans son esprit et avec ses mots: Je t&rsquo;ai&hellip;<\/p>\n","protected":false},"author":1,"featured_media":0,"parent":0,"menu_order":0,"comment_status":"closed","ping_status":"closed","template":"","meta":[],"_links":{"self":[{"href":"https:\/\/www.legendproducts.ch\/fr\/wp-json\/wp\/v2\/pages\/435\/"}],"collection":[{"href":"https:\/\/www.legendproducts.ch\/fr\/wp-json\/wp\/v2\/pages\/"}],"about":[{"href":"https:\/\/www.legendproducts.ch\/fr\/wp-json\/wp\/v2\/types\/page\/"}],"author":[{"embeddable":true,"href":"https:\/\/www.legendproducts.ch\/fr\/wp-json\/wp\/v2\/users\/1\/"}],"replies":[{"embeddable":true,"href":"https:\/\/www.legendproducts.ch\/fr\/wp-json\/wp\/v2\/comments\/?post=435"}],"version-history":[{"count":1,"href":"https:\/\/www.legendproducts.ch\/fr\/wp-json\/wp\/v2\/pages\/435\/revisions\/"}],"predecessor-version":[{"id":436,"href":"https:\/\/www.legendproducts.ch\/fr\/wp-json\/wp\/v2\/pages\/435\/revisions\/436\/"}],"wp:attachment":[{"href":"https:\/\/www.legendproducts.ch\/fr\/wp-json\/wp\/v2\/media\/?parent=435"}],"curies":[{"name":"wp","href":"https:\/\/api.w.org\/{rel}","templated":true}]}}