{"id":396,"date":"2018-08-08T22:43:43","date_gmt":"2018-08-08T20:43:43","guid":{"rendered":"https:\/\/www.legendproducts.ch\/shop\/huile-essentielle-de-chanvre\/"},"modified":"2022-08-16T12:17:35","modified_gmt":"2022-08-16T10:17:35","slug":"huile-essentielle-de-chanvre","status":"publish","type":"product","link":"https:\/\/www.legendproducts.ch\/fr\/produkt\/huile-essentielle-de-chanvre\/","title":{"rendered":"huile essentielle de chanvre"},"content":{"rendered":"<h3><strong>Cette huile essentielle de chanvre est un produit de qualit\u00e9 suisse<\/strong><\/h3>\n<p><strong>Il a \u00e9t\u00e9 fabriqu\u00e9 par distillation \u00e0 la vapeur d\u2019embouts de fleurs fra\u00eeches de notre chanvre naturel et est riche en terp\u00e8nes pr\u00e9cieux tels que Myrcene et Caryophyllene.<\/strong><\/p>\n<p>Delta-9-THC: 0.02%<\/p>\n<p><strong>Propri\u00e9t\u00e9s possibles<\/strong><\/p>\n<ul>\n<li>anti-inflammatoire<\/li>\n<li>d\u00e9congestionnant<\/li>\n<li>relaxant musculaire<\/li>\n<li>Anti-inflammatoire et d\u00e9congestionnant pour les probl\u00e8mes respiratoires<\/li>\n<li>Inhalation d&rsquo;asthme et de sinusite<\/li>\n<li>peut avoir un effet positif sur l&rsquo;indigestion et les muscles tendus<\/li>\n<\/ul>\n<p><strong>Port\u00e9e de l&rsquo;huile essentielle<\/strong><\/p>\n<ul>\n<li>aromath\u00e9rapie<\/li>\n<li>produits de beaut\u00e9<\/li>\n<li>Ar\u00f4mes pour aliments et boissons<\/li>\n<li>Rem\u00e8des hom\u00e9opathiques<\/li>\n<\/ul>\n<p><strong>Images du processus de distillation<br \/>\n<\/strong><a href=\"http:\/\/www.chanvre-info.ch\/info\/de\/pictures.html?dir=h_essentielles02\" target=\"_blank\" rel=\"noopener\">voir ici<\/a><\/p>\n<p><strong>Effets secondaires<\/strong><\/p>\n<ul>\n<li>Aucun connu \u00e0 la dose normale<\/li>\n<\/ul>\n","protected":false},"excerpt":{"rendered":"<p>Cette huile essentielle de chanvre\u00a0a \u00e9t\u00e9 fabriqu\u00e9 par distillation \u00e0 la vapeur d\u2019embouts de fleurs fra\u00eeches de notre chanvre naturel.<\/p>\n","protected":false},"featured_media":363,"comment_status":"open","ping_status":"closed","template":"","meta":[],"_links":{"self":[{"href":"https:\/\/www.legendproducts.ch\/fr\/wp-json\/wp\/v2\/product\/396\/"}],"collection":[{"href":"https:\/\/www.legendproducts.ch\/fr\/wp-json\/wp\/v2\/product\/"}],"about":[{"href":"https:\/\/www.legendproducts.ch\/fr\/wp-json\/wp\/v2\/types\/product\/"}],"replies":[{"embeddable":true,"href":"https:\/\/www.legendproducts.ch\/fr\/wp-json\/wp\/v2\/comments\/?post=396"}],"wp:featuredmedia":[{"embeddable":true,"href":"https:\/\/www.legendproducts.ch\/fr\/wp-json\/wp\/v2\/media\/363\/"}],"wp:attachment":[{"href":"https:\/\/www.legendproducts.ch\/fr\/wp-json\/wp\/v2\/media\/?parent=396"}],"curies":[{"name":"wp","href":"https:\/\/api.w.org\/{rel}","templated":true}]}}