{"id":400,"date":"2018-12-17T18:51:24","date_gmt":"2018-12-17T17:51:24","guid":{"rendered":"https:\/\/www.legendproducts.ch\/shop\/creme-de-chanvre-pour-les-mains\/"},"modified":"2019-05-08T18:00:53","modified_gmt":"2019-05-08T16:00:53","slug":"creme-de-chanvre-pour-les-mains","status":"publish","type":"product","link":"https:\/\/www.legendproducts.ch\/fr\/produkt\/creme-de-chanvre-pour-les-mains\/","title":{"rendered":"Cr\u00e8me de chanvre pour les mains"},"content":{"rendered":"<h4>Cette cr\u00e8me est con\u00e7ue pour l\u2019hygi\u00e8ne et la beaut\u00e9 des mains.<\/h4>\n<p><strong>Appliquer en soins r\u00e9gulier. Les peaux sensibles ou irrit\u00e9es l\u2019appr\u00e9cieront particuli\u00e8rement et en toute saison.<\/strong><\/p>\n<p><strong>Ingr\u00e9dients:<\/strong> Aqua, Min\u00e9ral oil, Stearic acid, Glycerin vegetale, Propylene gliycol, Glyceryl stearate SE, Triethanolamine, Dimethicone, Oleum chenevis seeds, PPG-25-laureth-25, Perfume, Carbomer,Oleum essencia cannabis sativa, Phenoxyethanol, Methyparaben, Ethylparaben, Butyparaben, Propylparaben, Isobutylparaben<\/p>\n","protected":false},"excerpt":{"rendered":"<p>Cette cr\u00e8me est con\u00e7ue pour l\u2019hygi\u00e8ne et la beaut\u00e9 des mains. Appliquer en soins r\u00e9gulier. Les peaux sensibles ou irrit\u00e9es l\u2019appr\u00e9cieront particuli\u00e8rement et en toute saison. Ingr\u00e9dients: Aqua, Min\u00e9ral oil, Stearic acid, Glycerin vegetale, Propylene gliycol, Glyceryl stearate SE, Triethanolamine, Dimethicone, Oleum chenevis seeds, PPG-25-laureth-25, Perfume, Carbomer,Oleum essencia cannabis sativa, Phenoxyethanol, Methyparaben, Ethylparaben, Butyparaben, Propylparaben, Isobutylparaben<\/p>\n","protected":false},"featured_media":294,"comment_status":"open","ping_status":"closed","template":"","meta":[],"_links":{"self":[{"href":"https:\/\/www.legendproducts.ch\/fr\/wp-json\/wp\/v2\/product\/400\/"}],"collection":[{"href":"https:\/\/www.legendproducts.ch\/fr\/wp-json\/wp\/v2\/product\/"}],"about":[{"href":"https:\/\/www.legendproducts.ch\/fr\/wp-json\/wp\/v2\/types\/product\/"}],"replies":[{"embeddable":true,"href":"https:\/\/www.legendproducts.ch\/fr\/wp-json\/wp\/v2\/comments\/?post=400"}],"wp:featuredmedia":[{"embeddable":true,"href":"https:\/\/www.legendproducts.ch\/fr\/wp-json\/wp\/v2\/media\/294\/"}],"wp:attachment":[{"href":"https:\/\/www.legendproducts.ch\/fr\/wp-json\/wp\/v2\/media\/?parent=400"}],"curies":[{"name":"wp","href":"https:\/\/api.w.org\/{rel}","templated":true}]}}