{"id":468,"date":"2018-08-06T22:30:05","date_gmt":"2018-08-06T20:30:05","guid":{"rendered":"https:\/\/www.legendproducts.ch\/shop\/cuscini-di-canapa-farro\/"},"modified":"2019-05-29T13:15:00","modified_gmt":"2019-05-29T11:15:00","slug":"cuscini-di-canapa-farro","status":"publish","type":"product","link":"https:\/\/www.legendproducts.ch\/it\/produkt\/cuscini-di-canapa-farro\/","title":{"rendered":"Cuscini di canapa \/ farro"},"content":{"rendered":"<h4>Il comprovato cuscino fatto a mano da canapa farcito con fiori di farro e canapa girato<\/h4>\n<p>La canapa \u00e8 una delle colture pi\u00f9 antiche e conosciute del nostro pianeta e l&#8217;umanit\u00e0 le utilizza da migliaia di anni. \u00c8 usato come materia prima per fibre, medicine, oli o stimolanti.<br \/>\n<strong>Le foglie di canapa come aggiunta possono darti un sonno calmante e alleviare situazioni stressanti.<br \/>\nA causa del calore corporeo, gli oli essenziali della canapa vengono rilasciati e sviluppano i loro effetti benefici.<br \/>\n<\/strong><\/p>\n<ul>\n<li>Fiori di canapa raccolti a mano e delicatamente lavorati. Qualit\u00e0 del cuscino profumato BIO<\/li>\n<li>THC legale inferiore<\/li>\n<li>ricco di CBD<\/li>\n<\/ul>\n","protected":false},"excerpt":{"rendered":"<p>Il comprovato cuscino fatto a mano da canapa<\/p>\n","protected":false},"featured_media":79,"comment_status":"open","ping_status":"closed","template":"","meta":[],"_links":{"self":[{"href":"https:\/\/www.legendproducts.ch\/it\/wp-json\/wp\/v2\/product\/468\/"}],"collection":[{"href":"https:\/\/www.legendproducts.ch\/it\/wp-json\/wp\/v2\/product\/"}],"about":[{"href":"https:\/\/www.legendproducts.ch\/it\/wp-json\/wp\/v2\/types\/product\/"}],"replies":[{"embeddable":true,"href":"https:\/\/www.legendproducts.ch\/it\/wp-json\/wp\/v2\/comments\/?post=468"}],"wp:featuredmedia":[{"embeddable":true,"href":"https:\/\/www.legendproducts.ch\/it\/wp-json\/wp\/v2\/media\/79\/"}],"wp:attachment":[{"href":"https:\/\/www.legendproducts.ch\/it\/wp-json\/wp\/v2\/media\/?parent=468"}],"curies":[{"name":"wp","href":"https:\/\/api.w.org\/{rel}","templated":true}]}}