{"id":475,"date":"2018-07-24T21:02:49","date_gmt":"2018-07-24T19:02:49","guid":{"rendered":"https:\/\/www.legendproducts.ch\/shop\/polvere-di-proteine-della-canapa-organica\/"},"modified":"2019-05-29T14:20:03","modified_gmt":"2019-05-29T12:20:03","slug":"polvere-di-proteine-della-canapa-organica","status":"publish","type":"product","link":"https:\/\/www.legendproducts.ch\/it\/produkt\/polvere-di-proteine-della-canapa-organica\/","title":{"rendered":"Polvere di proteine della canapa organica"},"content":{"rendered":"<h4>Un prodotto di alta qualit\u00e0 che si ottiene durante il processo di spremitura dell&#8217;olio.<\/h4>\n<p><strong>La polvere di proteine di canapa contiene oltre il 37% di proteine vegetali naturali, nonch\u00e9 minerali e fibre.<\/strong><br \/>\n<strong>Un prodotto di qualit\u00e0 nella lavorazione pi\u00f9 preziosa che \u00e8 il pi\u00f9 adatto come supporto per una dieta sana.<\/strong><\/p>\n<p>Finemente setacciata e mescolata con altra farina fino al 20%, la polvere di proteine di canapa \u00e8 adatta:<\/p>\n<ul>\n<li>per cuocere o per fare la pasta<\/li>\n<li>come aggiunta a zuppe o stufati<\/li>\n<li>mescolare in frullato di proteine di frutta<\/li>\n<\/ul>\n<p>&nbsp;<\/p>\n<p><strong>Conservazione:<\/strong> conservare in un luogo fresco e asciutto<br \/>\n<strong>Consumo:<\/strong> dopo l&#8217;apertura del pacco entro 30 giorni<\/p>\n","protected":false},"excerpt":{"rendered":"<p>Un prodotto di alta qualit\u00e0 che si ottiene durante il processo di spremitura dell&#8217;olio. La polvere di proteine di canapa contiene oltre il 37% di proteine vegetali naturali, nonch\u00e9 minerali e fibre. Un prodotto di qualit\u00e0 nella lavorazione pi\u00f9 preziosa che \u00e8 il pi\u00f9 adatto come supporto per una dieta sana. Finemente setacciata e mescolata con altra farina fino al&hellip;<\/p>\n","protected":false},"featured_media":27,"comment_status":"open","ping_status":"closed","template":"","meta":[],"_links":{"self":[{"href":"https:\/\/www.legendproducts.ch\/it\/wp-json\/wp\/v2\/product\/475\/"}],"collection":[{"href":"https:\/\/www.legendproducts.ch\/it\/wp-json\/wp\/v2\/product\/"}],"about":[{"href":"https:\/\/www.legendproducts.ch\/it\/wp-json\/wp\/v2\/types\/product\/"}],"replies":[{"embeddable":true,"href":"https:\/\/www.legendproducts.ch\/it\/wp-json\/wp\/v2\/comments\/?post=475"}],"wp:featuredmedia":[{"embeddable":true,"href":"https:\/\/www.legendproducts.ch\/it\/wp-json\/wp\/v2\/media\/27\/"}],"wp:attachment":[{"href":"https:\/\/www.legendproducts.ch\/it\/wp-json\/wp\/v2\/media\/?parent=475"}],"curies":[{"name":"wp","href":"https:\/\/api.w.org\/{rel}","templated":true}]}}